{"id":2,"date":"2023-03-30T12:18:55","date_gmt":"2023-03-30T10:18:55","guid":{"rendered":"http:\/\/lucagibilras.com\/?page_id=2"},"modified":"2025-10-01T15:37:59","modified_gmt":"2025-10-01T13:37:59","slug":"pagina-di-esempio","status":"publish","type":"page","link":"https:\/\/lucagibilras.com\/","title":{"rendered":"Geometra Luca Gibilras"},"content":{"rendered":"<p><div class=\"fusion-fullwidth fullwidth-box fusion-builder-row-1 fusion-flex-container has-pattern-background has-mask-background fusion-parallax-none nonhundred-percent-fullwidth non-hundred-percent-height-scrolling\" style=\"background-color: rgba(255,255,255,0);background-image: url(&quot;http:\/\/lucagibilras.com\/wp-content\/uploads\/2024\/04\/Immagine-di-Fondo-LG.jpg&quot;);background-position: center center;background-repeat: no-repeat;border-width: 0px 0px 0px 0px;border-color:var(--awb-color3);border-style:solid;-webkit-background-size:cover;-moz-background-size:cover;-o-background-size:cover;background-size:cover;\" ><div class=\"fusion-builder-row fusion-row fusion-flex-align-items-flex-start\" style=\"max-width:1248px;margin-left: calc(-4% \/ 2 );margin-right: calc(-4% \/ 2 );\"><div class=\"fusion-layout-column fusion_builder_column fusion-builder-column-0 fusion_builder_column_1_1 1_1 fusion-flex-column\"><div class=\"fusion-column-wrapper fusion-flex-justify-content-flex-start fusion-content-layout-column\" style=\"background-position:left top;background-repeat:no-repeat;-webkit-background-size:cover;-moz-background-size:cover;-o-background-size:cover;background-size:cover;padding: 25% 25% 25% 25%;\"><div class=\"fusion-text fusion-text-1\"><p>&nbsp;<\/p>\n<p class=\"has-text-align-center\"><img decoding=\"async\" class=\"size-full wp-image-14 aligncenter\" src=\"http:\/\/lucagibilras.com\/wp-content\/uploads\/2024\/04\/LucaGibilras.png\" alt=\"\" width=\"359\" height=\"119\" srcset=\"https:\/\/lucagibilras.com\/wp-content\/uploads\/2024\/04\/LucaGibilras-200x66.png 200w, https:\/\/lucagibilras.com\/wp-content\/uploads\/2024\/04\/LucaGibilras-300x99.png 300w, https:\/\/lucagibilras.com\/wp-content\/uploads\/2024\/04\/LucaGibilras.png 359w\" sizes=\"(max-width: 359px) 100vw, 359px\" \/><\/p>\n<p>&nbsp;<\/p>\n<\/div><\/div><style type=\"text\/css\">.fusion-body .fusion-builder-column-0{width:100% !important;margin-top : 0px;margin-bottom : 0px;}.fusion-builder-column-0 > .fusion-column-wrapper {padding-top : 25% !important;padding-right : 25% !important;margin-right : 1.92%;padding-bottom : 25% !important;padding-left : 25% !important;margin-left : 1.92%;}@media only screen and (max-width:1024px) {.fusion-body .fusion-builder-column-0{width:100% !important;order : 0;}.fusion-builder-column-0 > .fusion-column-wrapper {margin-right : 1.92%;margin-left : 1.92%;}}@media only screen and (max-width:640px) {.fusion-body .fusion-builder-column-0{width:100% !important;order : 0;}.fusion-builder-column-0 > .fusion-column-wrapper {margin-right : 1.92%;margin-left : 1.92%;}}<\/style><\/div><\/div><style type=\"text\/css\">.fusion-body .fusion-flex-container.fusion-builder-row-1{ padding-top : 0px;margin-top : 0px;padding-right : 0px;padding-bottom : 0px;margin-bottom : 0px;padding-left : 0px;}<\/style><\/div><div class=\"fusion-fullwidth fullwidth-box fusion-builder-row-2 fusion-flex-container has-pattern-background has-mask-background nonhundred-percent-fullwidth non-hundred-percent-height-scrolling\" style=\"background-color: rgba(255,255,255,0);background-position: center center;background-repeat: no-repeat;border-width: 0px 0px 0px 0px;border-color:var(--awb-color3);border-style:solid;\" ><div class=\"fusion-builder-row fusion-row fusion-flex-align-items-flex-start\" style=\"max-width:1248px;margin-left: calc(-4% \/ 2 );margin-right: calc(-4% \/ 2 );\"><div class=\"fusion-layout-column fusion_builder_column fusion-builder-column-1 fusion_builder_column_1_1 1_1 fusion-flex-column\"><div class=\"fusion-column-wrapper fusion-flex-justify-content-flex-start fusion-content-layout-column\" style=\"background-position:left top;background-repeat:no-repeat;-webkit-background-size:cover;-moz-background-size:cover;-o-background-size:cover;background-size:cover;padding: 0px 0px 0px 0px;\"><div class=\"fusion-text fusion-text-2\"><p><img decoding=\"async\" class=\"size-full wp-image-21 aligncenter\" src=\"http:\/\/lucagibilras.com\/wp-content\/uploads\/2024\/04\/Cartello-Vetrina-Studio.png\" alt=\"\" width=\"1617\" height=\"1154\" srcset=\"https:\/\/lucagibilras.com\/wp-content\/uploads\/2024\/04\/Cartello-Vetrina-Studio-200x143.png 200w, https:\/\/lucagibilras.com\/wp-content\/uploads\/2024\/04\/Cartello-Vetrina-Studio-300x214.png 300w, https:\/\/lucagibilras.com\/wp-content\/uploads\/2024\/04\/Cartello-Vetrina-Studio-400x285.png 400w, https:\/\/lucagibilras.com\/wp-content\/uploads\/2024\/04\/Cartello-Vetrina-Studio-600x428.png 600w, https:\/\/lucagibilras.com\/wp-content\/uploads\/2024\/04\/Cartello-Vetrina-Studio-768x548.png 768w, https:\/\/lucagibilras.com\/wp-content\/uploads\/2024\/04\/Cartello-Vetrina-Studio-800x571.png 800w, https:\/\/lucagibilras.com\/wp-content\/uploads\/2024\/04\/Cartello-Vetrina-Studio-1024x731.png 1024w, https:\/\/lucagibilras.com\/wp-content\/uploads\/2024\/04\/Cartello-Vetrina-Studio-1200x856.png 1200w, https:\/\/lucagibilras.com\/wp-content\/uploads\/2024\/04\/Cartello-Vetrina-Studio-1536x1096.png 1536w, https:\/\/lucagibilras.com\/wp-content\/uploads\/2024\/04\/Cartello-Vetrina-Studio.png 1617w\" sizes=\"(max-width: 1617px) 100vw, 1617px\" \/><\/p>\n<\/div><\/div><style type=\"text\/css\">.fusion-body .fusion-builder-column-1{width:100% !important;margin-top : 0px;margin-bottom : 20px;}.fusion-builder-column-1 > .fusion-column-wrapper {padding-top : 0px !important;padding-right : 0px !important;margin-right : 1.92%;padding-bottom : 0px !important;padding-left : 0px !important;margin-left : 1.92%;}@media only screen and (max-width:1024px) {.fusion-body .fusion-builder-column-1{width:100% !important;order : 0;}.fusion-builder-column-1 > .fusion-column-wrapper {margin-right : 1.92%;margin-left : 1.92%;}}@media only screen and (max-width:640px) {.fusion-body .fusion-builder-column-1{width:100% !important;order : 0;}.fusion-builder-column-1 > .fusion-column-wrapper {margin-right : 1.92%;margin-left : 1.92%;}}<\/style><\/div><\/div><style type=\"text\/css\">.fusion-body .fusion-flex-container.fusion-builder-row-2{ padding-top : 0px;margin-top : 0px;padding-right : 0px;padding-bottom : 0px;margin-bottom : 0px;padding-left : 0px;}<\/style><\/div><div class=\"fusion-fullwidth fullwidth-box fusion-builder-row-3 fusion-flex-container has-pattern-background has-mask-background nonhundred-percent-fullwidth non-hundred-percent-height-scrolling\" style=\"background-color: rgba(255,255,255,0);background-position: center center;background-repeat: no-repeat;border-width: 0px 0px 0px 0px;border-color:var(--awb-color3);border-style:solid;\" ><div class=\"fusion-builder-row fusion-row fusion-flex-align-items-flex-start\" style=\"max-width:1248px;margin-left: calc(-4% \/ 2 );margin-right: calc(-4% \/ 2 );\"><div class=\"fusion-layout-column fusion_builder_column fusion-builder-column-2 fusion_builder_column_1_6 1_6 fusion-flex-column\"><div class=\"fusion-column-wrapper fusion-flex-justify-content-flex-start fusion-content-layout-column\" style=\"background-position:left top;background-repeat:no-repeat;-webkit-background-size:cover;-moz-background-size:cover;-o-background-size:cover;background-size:cover;padding: 0px 0px 0px 0px;\"><\/div><style type=\"text\/css\">.fusion-body .fusion-builder-column-2{width:16.666666666667% !important;margin-top : 0px;margin-bottom : 20px;}.fusion-builder-column-2 > .fusion-column-wrapper {padding-top : 0px !important;padding-right : 0px !important;margin-right : 11.52%;padding-bottom : 0px !important;padding-left : 0px !important;margin-left : 11.52%;}@media only screen and (max-width:1024px) {.fusion-body .fusion-builder-column-2{width:16.666666666667% !important;order : 0;}.fusion-builder-column-2 > .fusion-column-wrapper {margin-right : 11.52%;margin-left : 11.52%;}}@media only screen and (max-width:640px) {.fusion-body .fusion-builder-column-2{width:100% !important;order : 0;}.fusion-builder-column-2 > .fusion-column-wrapper {margin-right : 1.92%;margin-left : 1.92%;}}<\/style><\/div><div class=\"fusion-layout-column fusion_builder_column fusion-builder-column-3 fusion_builder_column_2_3 2_3 fusion-flex-column\"><div class=\"fusion-column-wrapper fusion-flex-justify-content-flex-start fusion-content-layout-column\" style=\"background-position:left top;background-repeat:no-repeat;-webkit-background-size:cover;-moz-background-size:cover;-o-background-size:cover;background-size:cover;padding: 0px 0px 0px 0px;\"><div class=\"fusion-text fusion-text-3\"><p style=\"text-align: justify;\">Luca Gibilras: Geometra di Fiducia a Magnago<\/p>\n<p style=\"text-align: justify;\">Esperto in consulenze tecniche e progettazioni civili, Luca Gibilras offre soluzioni personalizzate per privati e aziende. Visita l&#8217;ufficio in Piazza Italia, 12, Magnago, o contatta direttamente per informazioni e appuntamenti.<\/p>\n<p style=\"text-align: justify;\">Benvenuti nell&#8217;universo professionale di Luca Gibilras, il vostro geometra di fiducia a Magnago. Con anni di esperienza nel settore delle costruzioni e della progettazione civile, Luca Gibilras si distingue per la sua capacit\u00e0 di ascoltare e soddisfare le esigenze dei suoi clienti, offrendo consulenze tecniche dettagliate, progettazioni su misura e supporto nelle pratiche burocratiche necessarie per realizzare i vostri progetti.<\/p>\n<p style=\"text-align: justify;\">L&#8217;approccio di Luca \u00e8 fondato sulla precisione, l&#8217;efficienza e la personalizzazione del servizio, garantendo risultati ottimali per ogni tipo di esigenza, sia che si tratti di nuove costruzioni, ristrutturazioni, valutazioni immobiliari o consulenze energetiche. Lavorando a stretto contatto con i clienti e avvalendosi di tecnologie all&#8217;avanguardia, si impegna a trasformare le vostre visioni in realt\u00e0, rispettando tempi e budget concordati.<\/p>\n<p style=\"text-align: justify;\">Per Luca Gibilras, ogni progetto \u00e8 un&#8217;opportunit\u00e0 per eccellere e superare le aspettative del cliente, assicurando che ogni dettaglio sia curato alla perfezione. Che voi siate privati alla ricerca di un professionista affidabile per la vostra casa dei sogni o aziende in cerca di consulenze tecniche specializzate, Luca \u00e8 pronto ad ascoltarvi e a guidarvi nel percorso pi\u00f9 adatto alle vostre necessit\u00e0.<\/p>\n<p style=\"text-align: justify;\">Visitate l&#8217;ufficio di Luca Gibilras in Piazza Italia, 12, a Magnago, per un incontro di persona e scoprite come pu\u00f2 aiutarvi a realizzare i vostri progetti. Per informazioni, appuntamenti o consulenze, non esitate a contattarlo al numero +39 340 408.5525 o via email a gibilras.luca@gmail.com. Per saperne di pi\u00f9 sui servizi offerti e sui progetti realizzati, visitate il sito web www.lucagibilras.com nei prossimi giorni.<\/p>\n<p style=\"text-align: justify;\">Luca Gibilras \u00e8 pi\u00f9 di un geometra: \u00e8 il partner che stavate cercando per dare forma ai vostri spazi e alle vostre idee.<\/p>\n<\/div><\/div><style type=\"text\/css\">.fusion-body .fusion-builder-column-3{width:66.666666666667% !important;margin-top : 0px;margin-bottom : 20px;}.fusion-builder-column-3 > .fusion-column-wrapper {padding-top : 0px !important;padding-right : 0px !important;margin-right : 2.88%;padding-bottom : 0px !important;padding-left : 0px !important;margin-left : 2.88%;}@media only screen and (max-width:1024px) {.fusion-body .fusion-builder-column-3{width:66.666666666667% !important;order : 0;}.fusion-builder-column-3 > .fusion-column-wrapper {margin-right : 2.88%;margin-left : 2.88%;}}@media only screen and (max-width:640px) {.fusion-body .fusion-builder-column-3{width:100% !important;order : 0;}.fusion-builder-column-3 > .fusion-column-wrapper {margin-right : 1.92%;margin-left : 1.92%;}}<\/style><\/div><div class=\"fusion-layout-column fusion_builder_column fusion-builder-column-4 fusion_builder_column_1_6 1_6 fusion-flex-column\"><div class=\"fusion-column-wrapper fusion-flex-justify-content-flex-start fusion-content-layout-column\" style=\"background-position:left top;background-repeat:no-repeat;-webkit-background-size:cover;-moz-background-size:cover;-o-background-size:cover;background-size:cover;padding: 0px 0px 0px 0px;\"><\/div><style type=\"text\/css\">.fusion-body .fusion-builder-column-4{width:16.666666666667% !important;margin-top : 0px;margin-bottom : 20px;}.fusion-builder-column-4 > .fusion-column-wrapper {padding-top : 0px !important;padding-right : 0px !important;margin-right : 11.52%;padding-bottom : 0px !important;padding-left : 0px !important;margin-left : 11.52%;}@media only screen and (max-width:1024px) {.fusion-body .fusion-builder-column-4{width:16.666666666667% !important;order : 0;}.fusion-builder-column-4 > .fusion-column-wrapper {margin-right : 11.52%;margin-left : 11.52%;}}@media only screen and (max-width:640px) {.fusion-body .fusion-builder-column-4{width:100% !important;order : 0;}.fusion-builder-column-4 > .fusion-column-wrapper {margin-right : 1.92%;margin-left : 1.92%;}}<\/style><\/div><\/div><style type=\"text\/css\">.fusion-body .fusion-flex-container.fusion-builder-row-3{ padding-top : 0px;margin-top : 0px;padding-right : 0px;padding-bottom : 0px;margin-bottom : 0px;padding-left : 0px;}<\/style><\/div><div class=\"fusion-fullwidth fullwidth-box fusion-builder-row-4 fusion-flex-container has-pattern-background has-mask-background nonhundred-percent-fullwidth non-hundred-percent-height-scrolling\" style=\"background-color: rgba(255,255,255,0);background-position: center center;background-repeat: no-repeat;border-width: 0px 0px 0px 0px;border-color:var(--awb-color3);border-style:solid;\" ><div class=\"fusion-builder-row fusion-row fusion-flex-align-items-flex-start\" style=\"max-width:1248px;margin-left: calc(-4% \/ 2 );margin-right: calc(-4% \/ 2 );\"><div class=\"fusion-layout-column fusion_builder_column fusion-builder-column-5 fusion_builder_column_1_4 1_4 fusion-flex-column\"><div class=\"fusion-column-wrapper fusion-flex-justify-content-flex-start fusion-content-layout-column\" style=\"background-position:left top;background-repeat:no-repeat;-webkit-background-size:cover;-moz-background-size:cover;-o-background-size:cover;background-size:cover;padding: 0px 0px 0px 0px;\"><div class=\"fusion-text fusion-text-4\"><p><img decoding=\"async\" class=\"size-full wp-image-25 alignleft\" src=\"http:\/\/lucagibilras.com\/wp-content\/uploads\/2024\/04\/bv.png\" alt=\"\" width=\"950\" height=\"578\" srcset=\"https:\/\/lucagibilras.com\/wp-content\/uploads\/2024\/04\/bv-200x122.png 200w, https:\/\/lucagibilras.com\/wp-content\/uploads\/2024\/04\/bv-300x183.png 300w, https:\/\/lucagibilras.com\/wp-content\/uploads\/2024\/04\/bv-400x243.png 400w, https:\/\/lucagibilras.com\/wp-content\/uploads\/2024\/04\/bv-600x365.png 600w, https:\/\/lucagibilras.com\/wp-content\/uploads\/2024\/04\/bv-768x467.png 768w, https:\/\/lucagibilras.com\/wp-content\/uploads\/2024\/04\/bv-800x487.png 800w, https:\/\/lucagibilras.com\/wp-content\/uploads\/2024\/04\/bv.png 950w\" sizes=\"(max-width: 950px) 100vw, 950px\" \/><\/p>\n<\/div><\/div><style type=\"text\/css\">.fusion-body .fusion-builder-column-5{width:25% !important;margin-top : 0px;margin-bottom : 20px;}.fusion-builder-column-5 > .fusion-column-wrapper {padding-top : 0px !important;padding-right : 0px !important;margin-right : 7.68%;padding-bottom : 0px !important;padding-left : 0px !important;margin-left : 7.68%;}@media only screen and (max-width:1024px) {.fusion-body .fusion-builder-column-5{width:25% !important;order : 0;}.fusion-builder-column-5 > .fusion-column-wrapper {margin-right : 7.68%;margin-left : 7.68%;}}@media only screen and (max-width:640px) {.fusion-body .fusion-builder-column-5{width:100% !important;order : 0;}.fusion-builder-column-5 > .fusion-column-wrapper {margin-right : 1.92%;margin-left : 1.92%;}}<\/style><\/div><div class=\"fusion-layout-column fusion_builder_column fusion-builder-column-6 fusion_builder_column_3_4 3_4 fusion-flex-column\"><div class=\"fusion-column-wrapper fusion-flex-justify-content-flex-start fusion-content-layout-column\" style=\"background-position:left top;background-repeat:no-repeat;-webkit-background-size:cover;-moz-background-size:cover;-o-background-size:cover;background-size:cover;padding: 0px 0px 0px 0px;\"><iframe src=\"https:\/\/www.google.com\/maps\/embed?pb=!1m18!1m12!1m3!1d566.9505141352794!2d8.800921525821225!3d45.579595544815824!2m3!1f0!2f0!3f0!3m2!1i1024!2i768!4f13.1!3m3!1m2!1s0x47868adf5bb6122b%3A0x7e974a4e5d61dfb8!2sPiazza%20Italia%2C%2012%2C%2020020%20Magnago%20MI!5e0!3m2!1sit!2sit!4v1759325820161!5m2!1sit!2sit\" width=\"600\" height=\"450\" style=\"border:0;\" allowfullscreen=\"\" loading=\"lazy\" referrerpolicy=\"no-referrer-when-downgrade\"><\/iframe><\/div><style type=\"text\/css\">.fusion-body .fusion-builder-column-6{width:75% !important;margin-top : 0px;margin-bottom : 20px;}.fusion-builder-column-6 > .fusion-column-wrapper {padding-top : 0px !important;padding-right : 0px !important;margin-right : 2.56%;padding-bottom : 0px !important;padding-left : 0px !important;margin-left : 2.56%;}@media only screen and (max-width:1024px) {.fusion-body .fusion-builder-column-6{width:75% !important;order : 0;}.fusion-builder-column-6 > .fusion-column-wrapper {margin-right : 2.56%;margin-left : 2.56%;}}@media only screen and (max-width:640px) {.fusion-body .fusion-builder-column-6{width:100% !important;order : 0;}.fusion-builder-column-6 > .fusion-column-wrapper {margin-right : 1.92%;margin-left : 1.92%;}}<\/style><\/div><\/div><style type=\"text\/css\">.fusion-body .fusion-flex-container.fusion-builder-row-4{ padding-top : 0px;margin-top : 0px;padding-right : 0px;padding-bottom : 0px;margin-bottom : 0px;padding-left : 0px;}<\/style><\/div><\/p>","protected":false},"excerpt":{"rendered":"","protected":false},"author":1,"featured_media":15,"parent":0,"menu_order":0,"comment_status":"closed","ping_status":"open","template":"","meta":{"footnotes":""},"class_list":["post-2","page","type-page","status-publish","has-post-thumbnail","hentry"],"yoast_head":"<!-- This site is optimized with the Yoast SEO plugin v15.4 - https:\/\/yoast.com\/wordpress\/plugins\/seo\/ -->\n<title>Geometra Luca Gibilras - LucaGibilras<\/title>\n<meta name=\"robots\" content=\"index, follow, max-snippet:-1, max-image-preview:large, max-video-preview:-1\" \/>\n<link rel=\"canonical\" href=\"https:\/\/lucagibilras.com\/\" \/>\n<meta property=\"og:locale\" content=\"it_IT\" \/>\n<meta property=\"og:type\" content=\"article\" \/>\n<meta property=\"og:title\" content=\"Geometra Luca Gibilras - LucaGibilras\" \/>\n<meta property=\"og:url\" content=\"https:\/\/lucagibilras.com\/\" \/>\n<meta property=\"og:site_name\" content=\"LucaGibilras\" \/>\n<meta property=\"article:modified_time\" content=\"2025-10-01T13:37:59+00:00\" \/>\n<meta property=\"og:image\" content=\"https:\/\/lucagibilras.com\/wp-content\/uploads\/2024\/04\/LucaGibilras-Grande.png\" \/>\n\t<meta property=\"og:image:width\" content=\"1788\" \/>\n\t<meta property=\"og:image:height\" content=\"573\" \/>\n<meta name=\"twitter:card\" content=\"summary_large_image\" \/>\n<meta name=\"twitter:label1\" content=\"Scritto da\">\n\t<meta name=\"twitter:data1\" content=\"winstonmarino\">\n\t<meta name=\"twitter:label2\" content=\"Tempo di lettura stimato\">\n\t<meta name=\"twitter:data2\" content=\"17 minuti\">\n<script type=\"application\/ld+json\" class=\"yoast-schema-graph\">{\"@context\":\"https:\/\/schema.org\",\"@graph\":[{\"@type\":\"WebSite\",\"@id\":\"https:\/\/lucagibilras.com\/#website\",\"url\":\"https:\/\/lucagibilras.com\/\",\"name\":\"LucaGibilras\",\"description\":\"Geometra Luca Gibilras\",\"potentialAction\":[{\"@type\":\"SearchAction\",\"target\":\"https:\/\/lucagibilras.com\/?s={search_term_string}\",\"query-input\":\"required name=search_term_string\"}],\"inLanguage\":\"it-IT\"},{\"@type\":\"ImageObject\",\"@id\":\"https:\/\/lucagibilras.com\/#primaryimage\",\"inLanguage\":\"it-IT\",\"url\":\"https:\/\/lucagibilras.com\/wp-content\/uploads\/2024\/04\/LucaGibilras-Grande.png\",\"width\":1788,\"height\":573},{\"@type\":\"WebPage\",\"@id\":\"https:\/\/lucagibilras.com\/#webpage\",\"url\":\"https:\/\/lucagibilras.com\/\",\"name\":\"Geometra Luca Gibilras - LucaGibilras\",\"isPartOf\":{\"@id\":\"https:\/\/lucagibilras.com\/#website\"},\"primaryImageOfPage\":{\"@id\":\"https:\/\/lucagibilras.com\/#primaryimage\"},\"datePublished\":\"2023-03-30T10:18:55+00:00\",\"dateModified\":\"2025-10-01T13:37:59+00:00\",\"inLanguage\":\"it-IT\",\"potentialAction\":[{\"@type\":\"ReadAction\",\"target\":[\"https:\/\/lucagibilras.com\/\"]}]}]}<\/script>\n<!-- \/ Yoast SEO plugin. -->","_links":{"self":[{"href":"https:\/\/lucagibilras.com\/index.php?rest_route=\/wp\/v2\/pages\/2","targetHints":{"allow":["GET"]}}],"collection":[{"href":"https:\/\/lucagibilras.com\/index.php?rest_route=\/wp\/v2\/pages"}],"about":[{"href":"https:\/\/lucagibilras.com\/index.php?rest_route=\/wp\/v2\/types\/page"}],"author":[{"embeddable":true,"href":"https:\/\/lucagibilras.com\/index.php?rest_route=\/wp\/v2\/users\/1"}],"replies":[{"embeddable":true,"href":"https:\/\/lucagibilras.com\/index.php?rest_route=%2Fwp%2Fv2%2Fcomments&post=2"}],"version-history":[{"count":12,"href":"https:\/\/lucagibilras.com\/index.php?rest_route=\/wp\/v2\/pages\/2\/revisions"}],"predecessor-version":[{"id":32,"href":"https:\/\/lucagibilras.com\/index.php?rest_route=\/wp\/v2\/pages\/2\/revisions\/32"}],"wp:featuredmedia":[{"embeddable":true,"href":"https:\/\/lucagibilras.com\/index.php?rest_route=\/wp\/v2\/media\/15"}],"wp:attachment":[{"href":"https:\/\/lucagibilras.com\/index.php?rest_route=%2Fwp%2Fv2%2Fmedia&parent=2"}],"curies":[{"name":"wp","href":"https:\/\/api.w.org\/{rel}","templated":true}]}}